{"id":146,"date":"2022-07-30T10:27:12","date_gmt":"2022-07-30T10:27:12","guid":{"rendered":"https:\/\/kienthuctreem.vn\/?page_id=146"},"modified":"2023-02-16T03:07:45","modified_gmt":"2023-02-16T03:07:45","slug":"tre-em","status":"publish","type":"page","link":"https:\/\/kienthuctreem.vn\/index.php\/tre-em\/","title":{"rendered":"GI\u1edaI THI\u1ec6U"},"content":{"rendered":"\n<p>Trang web ki\u1ebfn th\u1ee9c tr\u1ebb em \u0111\u01b0\u1ee3c x\u00e2y d\u1ef1ng nh\u1eb1m cung c\u1ea5p cho cha m\u1eb9 v\u00e0 tr\u1ebb em v\u1ec1 c\u00e1c ki\u1ebfn th\u1ee9c, k\u1ef9 n\u0103ng, ph\u01b0\u01a1ng ph\u00e1p l\u00e0m vi\u1ec7c li\u00ean quan \u0111\u1ebfn tr\u1ebb em, ngo\u00e0i ra ch\u00fang t\u00f4i c\u00f2n cung c\u1ea5p c\u00e1c d\u1ecbch v\u1ee5 nh\u01b0 tham v\u1ea5n, t\u01b0 v\u1ea5n, h\u01b0\u1edbng nghi\u1ec7p, truy\u1ec1n th\u00f4ng, t\u1eadp hu\u1ea5n k\u1ef9 n\u0103ng s\u1ed1ng, k\u1ef9 n\u0103ng l\u00e0m vi\u1ec7c v\u1edbi tr\u1ebb em n\u00f3i chung v\u00e0 tr\u1ebb em c\u00f3 ho\u00e0n c\u1ea3nh \u0111\u1eb7c bi\u1ec7t n\u00f3i ri\u00eang.Ngo\u00e0i ra ch\u00fang t\u00f4i c\u00f2n gi\u1edbi thi\u1ec7u, chuy\u1ec3n g\u1eedi tr\u1ebb em c\u00f3 ho\u00e0n c\u1ea3nh kh\u00f3 kh\u0103n, tr\u1ebb em c\u00f3 ho\u00e0n c\u1ea3nh \u0111\u1eb7c bi\u1ec7t \u0111\u1ebfn c\u00e1c m\u00e1i \u1ea5m ho\u1eb7c trung t\u00e2m nu\u00f4i d\u1ea1y tr\u1ebb, trung t\u00e2m d\u1ea1y ngh\u1ec1, gi\u1edbi thi\u1ec7u vi\u1ec7c l\u00e0m ph\u00f9 h\u1ee3p v\u1edbi nhu c\u1ea7u c\u1ee7a cha m\u1eb9 v\u00e0 nguy\u1ec7n v\u1ecdng c\u1ee7a tr\u1ebb em.<\/p>\n\n\n\n<p>Ch\u00fang t\u00f4i l\u00e0 nh\u1eefng chuy\u00ean gia \u0111ang l\u00e0m trong c\u00e1c l\u0129nh v\u1ef1c: t\u00e2m l\u00fd, c\u00f4ng t\u00e1c x\u00e3 h\u1ed9i, x\u00e3 h\u1ed9i h\u1ecdc, lu\u1eadt  v\u1edbi tr\u00ean m\u01b0\u1eddi n\u0103m kinh nghi\u1ec7m ch\u00fang t\u00f4i \u0111\u00e3 t\u01b0 v\u1ea5n, tham v\u1ea5n t\u00e2m l\u00fd h\u1ed7 cho nhi\u1ec1u ph\u1ee5 n\u1eef v\u00e0 tr\u1ebb em b\u1ecb x\u00e2m h\u1ea1i, b\u1ea1o h\u00e0nh, cung c\u1ea5p ki\u1ebfn th\u1ee9c, t\u1eadp hu\u1ea5n chuy\u00ean m\u00f4n v\u1ec1 c\u00e1c quy tr\u00ecnh x\u1eed l\u00fd x\u00e2m h\u1ea1i b\u1ea1o h\u00e0nh cho c\u1ed9ng t\u00e1c vi\u00ean, c\u00e1n b\u1ed9 \u0111ang ph\u1ee5 tr\u00e1ch c\u00f4ng t\u00e1c tr\u1ebb em tr\u00ean \u0111\u1ecba b\u00e0n th\u00e0nh ph\u1ed1 H\u1ed3 Ch\u00ed Minh v\u00e0 m\u1ed9t s\u1ed1 t\u1ec9nh l\u00e2n c\u1eadn.Ngo\u00e0i ra ch\u00fang t\u00f4i c\u00f2n th\u01b0\u1eddng xuy\u00ean t\u1ed5 ch\u1ee9c truy\u1ec1n th\u00f4ng v\u1ec1 quy\u1ec1n tr\u1ebb em, ph\u00f2ng ch\u1ed1ng tai n\u1ea1n th\u01b0\u01a1ng t\u00edch, s\u1ee9c kho\u1ebb gi\u1edbi t\u00ednh, k\u1ef9 n\u0103ng s\u01a1 c\u1ea5p c\u1ee9u, k\u1ef9 n\u0103ng l\u00e0m cha m\u1eb9, k\u1ef9 lu\u1eadt t\u00edch c\u1ef1c&#8230;&#8230;.. mi\u1ec5n ph\u00ed cho tr\u01b0\u1eddng h\u1ecdc v\u00e0 tr\u1ebb em c\u00f3 nhu c\u1ea7u mu\u1ed1n h\u1ecdc v\u1ec1 k\u1ef9 n\u0103ng s\u1ed1ng ho\u1eb7c c\u00e1c l\u1edbp h\u1ecdc v\u1ec1 k\u1ef9 n\u0103ng l\u00e0m cha m\u1eb9.V\u1edbi kinh nghi\u1ec7m tr\u00ean m\u01b0\u1eddi n\u0103m l\u00e0m vi\u1ec7c trong l\u0129nh v\u1ef1c x\u00e3 h\u1ed9i v\u00e0 \u0111\u00e3 t\u1eebng l\u00e0m vi\u1ec7c v\u1edbi c\u00e1c S\u1edf ban ngh\u00e0nh \u0111o\u00e0n th\u1ec3 c\u0169ng nh\u01b0 c\u00e1c t\u1ed5 ch\u1ee9c phi ch\u00ednh ph\u1ee7 ch\u00ednh ph\u1ee7 nh\u01b0 Wwo, Save children, Unicef ch\u00fang t\u00f4i hy v\u1ecdng c\u00f3 th\u1ec3 h\u1ed7 tr\u1ee3 cho qu\u00fd ph\u1ee5 huynh, th\u1ea7y c\u00f4, tr\u1ebb em, c\u00e1n b\u1ed9 ph\u1ee5 tr\u00e1ch c\u00f4ng t\u00e1c tr\u1ebb em.<\/p>\n\n\n\n<p>H\u00e3y li\u00ean h\u1ec7 ngay \u0111\u1ec3 \u0111\u01b0\u1ee3c ch\u00fang t\u00f4i h\u1ed7 tr\u1ee3 t\u1ed1t nh\u1ea5t qua email &#8220;kienthuctreem123@gmail.com&#8221; <\/p>\n","protected":false},"excerpt":{"rendered":"<p>Trang web ki\u1ebfn th\u1ee9c tr\u1ebb em \u0111\u01b0\u1ee3c x\u00e2y d\u1ef1ng nh\u1eb1m cung c\u1ea5p cho cha m\u1eb9 v\u00e0 tr\u1ebb em v\u1ec1 c\u00e1c ki\u1ebfn th\u1ee9c, k\u1ef9 n\u0103ng, ph\u01b0\u01a1ng ph\u00e1p l\u00e0m vi\u1ec7c li\u00ean quan \u0111\u1ebfn tr\u1ebb em, ngo\u00e0i ra ch\u00fang t\u00f4i c\u00f2n cung c\u1ea5p c\u00e1c d\u1ecbch v\u1ee5 nh\u01b0 tham v\u1ea5n, t\u01b0 v\u1ea5n, h\u01b0\u1edbng nghi\u1ec7p, truy\u1ec1n th\u00f4ng, t\u1eadp hu\u1ea5n k\u1ef9 [&hellip;]<\/p>\n","protected":false},"author":1,"featured_media":0,"parent":0,"menu_order":0,"comment_status":"closed","ping_status":"closed","template":"","meta":{"content-type":"","_mi_skip_tracking":false,"footnotes":""},"class_list":["post-146","page","type-page","status-publish","hentry"],"yoast_head":"<!-- This site is optimized with the Yoast SEO plugin v19.3 - https:\/\/yoast.com\/wordpress\/plugins\/seo\/ -->\n<title>GI\u1edaI THI\u1ec6U - KI\u1ebeN TH\u1ee8C TR\u1eba EM<\/title>\n<meta name=\"description\" content=\"K\u1ef9 n\u0103ng s\u1ed1ng, k\u1ef9 n\u0103ng l\u00e0m cha m\u1eb9, k\u1ef9 n\u0103ng nu\u00f4i d\u1ea1y con c\u00e1i, t\u00e2m l\u00fd tr\u1ebb em, t\u00e2m l\u00fd tu\u1ed5i m\u1edbi l\u1edbn, tr\u1ebb em ch\u01b0a ngoan tr\u1ebb c\u00f3 ho\u00e0n c\u1ea3nh kh\u00f3 kh\u0103n\" \/>\n<meta name=\"robots\" content=\"index, follow, max-snippet:-1, max-image-preview:large, max-video-preview:-1\" \/>\n<link rel=\"canonical\" href=\"https:\/\/kienthuctreem.vn\/index.php\/tre-em\/\" \/>\n<meta property=\"og:locale\" content=\"en_US\" \/>\n<meta property=\"og:type\" content=\"article\" \/>\n<meta property=\"og:title\" content=\"GI\u1edaI THI\u1ec6U - KI\u1ebeN TH\u1ee8C TR\u1eba EM\" \/>\n<meta property=\"og:description\" content=\"K\u1ef9 n\u0103ng s\u1ed1ng, k\u1ef9 n\u0103ng l\u00e0m cha m\u1eb9, k\u1ef9 n\u0103ng nu\u00f4i d\u1ea1y con c\u00e1i, t\u00e2m l\u00fd tr\u1ebb em, t\u00e2m l\u00fd tu\u1ed5i m\u1edbi l\u1edbn, tr\u1ebb em ch\u01b0a ngoan tr\u1ebb c\u00f3 ho\u00e0n c\u1ea3nh kh\u00f3 kh\u0103n\" \/>\n<meta property=\"og:url\" content=\"https:\/\/kienthuctreem.vn\/index.php\/tre-em\/\" \/>\n<meta property=\"og:site_name\" content=\"KI\u1ebeN TH\u1ee8C TR\u1eba EM\" \/>\n<meta property=\"article:modified_time\" content=\"2023-02-16T03:07:45+00:00\" \/>\n<meta name=\"twitter:card\" content=\"summary_large_image\" \/>\n<meta name=\"twitter:label1\" content=\"Est. reading time\" \/>\n\t<meta name=\"twitter:data1\" content=\"2 minutes\" \/>\n<script type=\"application\/ld+json\" class=\"yoast-schema-graph\">{\"@context\":\"https:\/\/schema.org\",\"@graph\":[{\"@type\":\"WebSite\",\"@id\":\"https:\/\/kienthuctreem.vn\/#website\",\"url\":\"https:\/\/kienthuctreem.vn\/\",\"name\":\"KI\u1ebeN TH\u1ee8C TR\u1eba EM\",\"description\":\"Tham v\u1ea5n, t\u01b0 v\u1ea5n, h\u1ed7 tr\u1ee3 v\u00e0 cung c\u1ea5p c\u00e1c d\u1ecbch v\u1ee5 c\u00f3 li\u00ean quan \u0111\u1ebfn tr\u1ebb em\",\"potentialAction\":[{\"@type\":\"SearchAction\",\"target\":{\"@type\":\"EntryPoint\",\"urlTemplate\":\"https:\/\/kienthuctreem.vn\/?s={search_term_string}\"},\"query-input\":\"required name=search_term_string\"}],\"inLanguage\":\"en-US\"},{\"@type\":\"WebPage\",\"@id\":\"https:\/\/kienthuctreem.vn\/index.php\/tre-em\/\",\"url\":\"https:\/\/kienthuctreem.vn\/index.php\/tre-em\/\",\"name\":\"GI\u1edaI THI\u1ec6U - KI\u1ebeN TH\u1ee8C TR\u1eba EM\",\"isPartOf\":{\"@id\":\"https:\/\/kienthuctreem.vn\/#website\"},\"datePublished\":\"2022-07-30T10:27:12+00:00\",\"dateModified\":\"2023-02-16T03:07:45+00:00\",\"description\":\"K\u1ef9 n\u0103ng s\u1ed1ng, k\u1ef9 n\u0103ng l\u00e0m cha m\u1eb9, k\u1ef9 n\u0103ng nu\u00f4i d\u1ea1y con c\u00e1i, t\u00e2m l\u00fd tr\u1ebb em, t\u00e2m l\u00fd tu\u1ed5i m\u1edbi l\u1edbn, tr\u1ebb em ch\u01b0a ngoan tr\u1ebb c\u00f3 ho\u00e0n c\u1ea3nh kh\u00f3 kh\u0103n\",\"breadcrumb\":{\"@id\":\"https:\/\/kienthuctreem.vn\/index.php\/tre-em\/#breadcrumb\"},\"inLanguage\":\"en-US\",\"potentialAction\":[{\"@type\":\"ReadAction\",\"target\":[\"https:\/\/kienthuctreem.vn\/index.php\/tre-em\/\"]}]},{\"@type\":\"BreadcrumbList\",\"@id\":\"https:\/\/kienthuctreem.vn\/index.php\/tre-em\/#breadcrumb\",\"itemListElement\":[{\"@type\":\"ListItem\",\"position\":1,\"name\":\"Home\",\"item\":\"https:\/\/kienthuctreem.vn\/\"},{\"@type\":\"ListItem\",\"position\":2,\"name\":\"GI\u1edaI THI\u1ec6U\"}]}]}<\/script>\n<!-- \/ Yoast SEO plugin. -->","yoast_head_json":{"title":"GI\u1edaI THI\u1ec6U - KI\u1ebeN TH\u1ee8C TR\u1eba EM","description":"K\u1ef9 n\u0103ng s\u1ed1ng, k\u1ef9 n\u0103ng l\u00e0m cha m\u1eb9, k\u1ef9 n\u0103ng nu\u00f4i d\u1ea1y con c\u00e1i, t\u00e2m l\u00fd tr\u1ebb em, t\u00e2m l\u00fd tu\u1ed5i m\u1edbi l\u1edbn, tr\u1ebb em ch\u01b0a ngoan tr\u1ebb c\u00f3 ho\u00e0n c\u1ea3nh kh\u00f3 kh\u0103n","robots":{"index":"index","follow":"follow","max-snippet":"max-snippet:-1","max-image-preview":"max-image-preview:large","max-video-preview":"max-video-preview:-1"},"canonical":"https:\/\/kienthuctreem.vn\/index.php\/tre-em\/","og_locale":"en_US","og_type":"article","og_title":"GI\u1edaI THI\u1ec6U - KI\u1ebeN TH\u1ee8C TR\u1eba EM","og_description":"K\u1ef9 n\u0103ng s\u1ed1ng, k\u1ef9 n\u0103ng l\u00e0m cha m\u1eb9, k\u1ef9 n\u0103ng nu\u00f4i d\u1ea1y con c\u00e1i, t\u00e2m l\u00fd tr\u1ebb em, t\u00e2m l\u00fd tu\u1ed5i m\u1edbi l\u1edbn, tr\u1ebb em ch\u01b0a ngoan tr\u1ebb c\u00f3 ho\u00e0n c\u1ea3nh kh\u00f3 kh\u0103n","og_url":"https:\/\/kienthuctreem.vn\/index.php\/tre-em\/","og_site_name":"KI\u1ebeN TH\u1ee8C TR\u1eba EM","article_modified_time":"2023-02-16T03:07:45+00:00","twitter_card":"summary_large_image","twitter_misc":{"Est. reading time":"2 minutes"},"schema":{"@context":"https:\/\/schema.org","@graph":[{"@type":"WebSite","@id":"https:\/\/kienthuctreem.vn\/#website","url":"https:\/\/kienthuctreem.vn\/","name":"KI\u1ebeN TH\u1ee8C TR\u1eba EM","description":"Tham v\u1ea5n, t\u01b0 v\u1ea5n, h\u1ed7 tr\u1ee3 v\u00e0 cung c\u1ea5p c\u00e1c d\u1ecbch v\u1ee5 c\u00f3 li\u00ean quan \u0111\u1ebfn tr\u1ebb em","potentialAction":[{"@type":"SearchAction","target":{"@type":"EntryPoint","urlTemplate":"https:\/\/kienthuctreem.vn\/?s={search_term_string}"},"query-input":"required name=search_term_string"}],"inLanguage":"en-US"},{"@type":"WebPage","@id":"https:\/\/kienthuctreem.vn\/index.php\/tre-em\/","url":"https:\/\/kienthuctreem.vn\/index.php\/tre-em\/","name":"GI\u1edaI THI\u1ec6U - KI\u1ebeN TH\u1ee8C TR\u1eba EM","isPartOf":{"@id":"https:\/\/kienthuctreem.vn\/#website"},"datePublished":"2022-07-30T10:27:12+00:00","dateModified":"2023-02-16T03:07:45+00:00","description":"K\u1ef9 n\u0103ng s\u1ed1ng, k\u1ef9 n\u0103ng l\u00e0m cha m\u1eb9, k\u1ef9 n\u0103ng nu\u00f4i d\u1ea1y con c\u00e1i, t\u00e2m l\u00fd tr\u1ebb em, t\u00e2m l\u00fd tu\u1ed5i m\u1edbi l\u1edbn, tr\u1ebb em ch\u01b0a ngoan tr\u1ebb c\u00f3 ho\u00e0n c\u1ea3nh kh\u00f3 kh\u0103n","breadcrumb":{"@id":"https:\/\/kienthuctreem.vn\/index.php\/tre-em\/#breadcrumb"},"inLanguage":"en-US","potentialAction":[{"@type":"ReadAction","target":["https:\/\/kienthuctreem.vn\/index.php\/tre-em\/"]}]},{"@type":"BreadcrumbList","@id":"https:\/\/kienthuctreem.vn\/index.php\/tre-em\/#breadcrumb","itemListElement":[{"@type":"ListItem","position":1,"name":"Home","item":"https:\/\/kienthuctreem.vn\/"},{"@type":"ListItem","position":2,"name":"GI\u1edaI THI\u1ec6U"}]}]}},"_links":{"self":[{"href":"https:\/\/kienthuctreem.vn\/index.php\/wp-json\/wp\/v2\/pages\/146","targetHints":{"allow":["GET"]}}],"collection":[{"href":"https:\/\/kienthuctreem.vn\/index.php\/wp-json\/wp\/v2\/pages"}],"about":[{"href":"https:\/\/kienthuctreem.vn\/index.php\/wp-json\/wp\/v2\/types\/page"}],"author":[{"embeddable":true,"href":"https:\/\/kienthuctreem.vn\/index.php\/wp-json\/wp\/v2\/users\/1"}],"replies":[{"embeddable":true,"href":"https:\/\/kienthuctreem.vn\/index.php\/wp-json\/wp\/v2\/comments?post=146"}],"version-history":[{"count":12,"href":"https:\/\/kienthuctreem.vn\/index.php\/wp-json\/wp\/v2\/pages\/146\/revisions"}],"predecessor-version":[{"id":486,"href":"https:\/\/kienthuctreem.vn\/index.php\/wp-json\/wp\/v2\/pages\/146\/revisions\/486"}],"wp:attachment":[{"href":"https:\/\/kienthuctreem.vn\/index.php\/wp-json\/wp\/v2\/media?parent=146"}],"curies":[{"name":"wp","href":"https:\/\/api.w.org\/{rel}","templated":true}]}}