{"id":140,"date":"2022-07-30T10:19:23","date_gmt":"2022-07-30T10:19:23","guid":{"rendered":"https:\/\/kienthuctreem.vn\/?page_id=140"},"modified":"2022-08-04T03:17:44","modified_gmt":"2022-08-04T03:17:44","slug":"lien-he","status":"publish","type":"page","link":"https:\/\/kienthuctreem.vn\/index.php\/lien-he\/","title":{"rendered":"LI\u00caN H\u1ec6"},"content":{"rendered":"\n<p>M\u1ecdi chi ti\u1ebft ho\u1eb7c th\u1eafc m\u1eafc xin li\u00ean h\u1ec7 qua mail: kienthuctreem123@gmail.com ho\u1eb7c s\u1ed1 \u0111i\u1ec7n tho\u1ea1i 0373796811<\/p>\n","protected":false},"excerpt":{"rendered":"<p>M\u1ecdi chi ti\u1ebft ho\u1eb7c th\u1eafc m\u1eafc xin li\u00ean h\u1ec7 qua mail: kienthuctreem123@gmail.com ho\u1eb7c s\u1ed1 \u0111i\u1ec7n tho\u1ea1i 0373796811<\/p>\n","protected":false},"author":1,"featured_media":0,"parent":0,"menu_order":0,"comment_status":"closed","ping_status":"closed","template":"","meta":{"content-type":"","_mi_skip_tracking":false,"footnotes":""},"class_list":["post-140","page","type-page","status-publish","hentry"],"yoast_head":"<!-- This site is optimized with the Yoast SEO plugin v19.3 - https:\/\/yoast.com\/wordpress\/plugins\/seo\/ -->\n<title>LI\u00caN H\u1ec6 - KI\u1ebeN TH\u1ee8C TR\u1eba EM<\/title>\n<meta name=\"description\" content=\"li\u00ean h\u1ec7 v\u1edbi ki\u1ebfn th\u1ee9c tr\u1ebb em n\u1ebfu b\u1ea1n c\u1ea7n c\u00e1c th\u00f4ng tin, ki\u1ebfn th\u1ee9c k\u1ef9 n\u0103ng li\u00ean quan \u0111\u1ebfn tr\u1ebb em ho\u1eb7c b\u1ea3o v\u1ec7 tr\u1ebb em\" \/>\n<meta name=\"robots\" content=\"index, follow, max-snippet:-1, max-image-preview:large, max-video-preview:-1\" \/>\n<link rel=\"canonical\" href=\"https:\/\/kienthuctreem.vn\/index.php\/lien-he\/\" \/>\n<meta property=\"og:locale\" content=\"en_US\" \/>\n<meta property=\"og:type\" content=\"article\" \/>\n<meta property=\"og:title\" content=\"LI\u00caN H\u1ec6 - KI\u1ebeN TH\u1ee8C TR\u1eba EM\" \/>\n<meta property=\"og:description\" content=\"li\u00ean h\u1ec7 v\u1edbi ki\u1ebfn th\u1ee9c tr\u1ebb em n\u1ebfu b\u1ea1n c\u1ea7n c\u00e1c th\u00f4ng tin, ki\u1ebfn th\u1ee9c k\u1ef9 n\u0103ng li\u00ean quan \u0111\u1ebfn tr\u1ebb em ho\u1eb7c b\u1ea3o v\u1ec7 tr\u1ebb em\" \/>\n<meta property=\"og:url\" content=\"https:\/\/kienthuctreem.vn\/index.php\/lien-he\/\" \/>\n<meta property=\"og:site_name\" content=\"KI\u1ebeN TH\u1ee8C TR\u1eba EM\" \/>\n<meta property=\"article:modified_time\" content=\"2022-08-04T03:17:44+00:00\" \/>\n<meta name=\"twitter:card\" content=\"summary_large_image\" \/>\n<meta name=\"twitter:label1\" content=\"Est. reading time\" \/>\n\t<meta name=\"twitter:data1\" content=\"1 minute\" \/>\n<script type=\"application\/ld+json\" class=\"yoast-schema-graph\">{\"@context\":\"https:\/\/schema.org\",\"@graph\":[{\"@type\":\"WebSite\",\"@id\":\"https:\/\/kienthuctreem.vn\/#website\",\"url\":\"https:\/\/kienthuctreem.vn\/\",\"name\":\"KI\u1ebeN TH\u1ee8C TR\u1eba EM\",\"description\":\"Tham v\u1ea5n, t\u01b0 v\u1ea5n, h\u1ed7 tr\u1ee3 v\u00e0 cung c\u1ea5p c\u00e1c d\u1ecbch v\u1ee5 c\u00f3 li\u00ean quan \u0111\u1ebfn tr\u1ebb em\",\"potentialAction\":[{\"@type\":\"SearchAction\",\"target\":{\"@type\":\"EntryPoint\",\"urlTemplate\":\"https:\/\/kienthuctreem.vn\/?s={search_term_string}\"},\"query-input\":\"required name=search_term_string\"}],\"inLanguage\":\"en-US\"},{\"@type\":\"WebPage\",\"@id\":\"https:\/\/kienthuctreem.vn\/index.php\/lien-he\/\",\"url\":\"https:\/\/kienthuctreem.vn\/index.php\/lien-he\/\",\"name\":\"LI\u00caN H\u1ec6 - KI\u1ebeN TH\u1ee8C TR\u1eba EM\",\"isPartOf\":{\"@id\":\"https:\/\/kienthuctreem.vn\/#website\"},\"datePublished\":\"2022-07-30T10:19:23+00:00\",\"dateModified\":\"2022-08-04T03:17:44+00:00\",\"description\":\"li\u00ean h\u1ec7 v\u1edbi ki\u1ebfn th\u1ee9c tr\u1ebb em n\u1ebfu b\u1ea1n c\u1ea7n c\u00e1c th\u00f4ng tin, ki\u1ebfn th\u1ee9c k\u1ef9 n\u0103ng li\u00ean quan \u0111\u1ebfn tr\u1ebb em ho\u1eb7c b\u1ea3o v\u1ec7 tr\u1ebb em\",\"breadcrumb\":{\"@id\":\"https:\/\/kienthuctreem.vn\/index.php\/lien-he\/#breadcrumb\"},\"inLanguage\":\"en-US\",\"potentialAction\":[{\"@type\":\"ReadAction\",\"target\":[\"https:\/\/kienthuctreem.vn\/index.php\/lien-he\/\"]}]},{\"@type\":\"BreadcrumbList\",\"@id\":\"https:\/\/kienthuctreem.vn\/index.php\/lien-he\/#breadcrumb\",\"itemListElement\":[{\"@type\":\"ListItem\",\"position\":1,\"name\":\"Home\",\"item\":\"https:\/\/kienthuctreem.vn\/\"},{\"@type\":\"ListItem\",\"position\":2,\"name\":\"LI\u00caN H\u1ec6\"}]}]}<\/script>\n<!-- \/ Yoast SEO plugin. -->","yoast_head_json":{"title":"LI\u00caN H\u1ec6 - KI\u1ebeN TH\u1ee8C TR\u1eba EM","description":"li\u00ean h\u1ec7 v\u1edbi ki\u1ebfn th\u1ee9c tr\u1ebb em n\u1ebfu b\u1ea1n c\u1ea7n c\u00e1c th\u00f4ng tin, ki\u1ebfn th\u1ee9c k\u1ef9 n\u0103ng li\u00ean quan \u0111\u1ebfn tr\u1ebb em ho\u1eb7c b\u1ea3o v\u1ec7 tr\u1ebb em","robots":{"index":"index","follow":"follow","max-snippet":"max-snippet:-1","max-image-preview":"max-image-preview:large","max-video-preview":"max-video-preview:-1"},"canonical":"https:\/\/kienthuctreem.vn\/index.php\/lien-he\/","og_locale":"en_US","og_type":"article","og_title":"LI\u00caN H\u1ec6 - KI\u1ebeN TH\u1ee8C TR\u1eba EM","og_description":"li\u00ean h\u1ec7 v\u1edbi ki\u1ebfn th\u1ee9c tr\u1ebb em n\u1ebfu b\u1ea1n c\u1ea7n c\u00e1c th\u00f4ng tin, ki\u1ebfn th\u1ee9c k\u1ef9 n\u0103ng li\u00ean quan \u0111\u1ebfn tr\u1ebb em ho\u1eb7c b\u1ea3o v\u1ec7 tr\u1ebb em","og_url":"https:\/\/kienthuctreem.vn\/index.php\/lien-he\/","og_site_name":"KI\u1ebeN TH\u1ee8C TR\u1eba EM","article_modified_time":"2022-08-04T03:17:44+00:00","twitter_card":"summary_large_image","twitter_misc":{"Est. reading time":"1 minute"},"schema":{"@context":"https:\/\/schema.org","@graph":[{"@type":"WebSite","@id":"https:\/\/kienthuctreem.vn\/#website","url":"https:\/\/kienthuctreem.vn\/","name":"KI\u1ebeN TH\u1ee8C TR\u1eba EM","description":"Tham v\u1ea5n, t\u01b0 v\u1ea5n, h\u1ed7 tr\u1ee3 v\u00e0 cung c\u1ea5p c\u00e1c d\u1ecbch v\u1ee5 c\u00f3 li\u00ean quan \u0111\u1ebfn tr\u1ebb em","potentialAction":[{"@type":"SearchAction","target":{"@type":"EntryPoint","urlTemplate":"https:\/\/kienthuctreem.vn\/?s={search_term_string}"},"query-input":"required name=search_term_string"}],"inLanguage":"en-US"},{"@type":"WebPage","@id":"https:\/\/kienthuctreem.vn\/index.php\/lien-he\/","url":"https:\/\/kienthuctreem.vn\/index.php\/lien-he\/","name":"LI\u00caN H\u1ec6 - KI\u1ebeN TH\u1ee8C TR\u1eba EM","isPartOf":{"@id":"https:\/\/kienthuctreem.vn\/#website"},"datePublished":"2022-07-30T10:19:23+00:00","dateModified":"2022-08-04T03:17:44+00:00","description":"li\u00ean h\u1ec7 v\u1edbi ki\u1ebfn th\u1ee9c tr\u1ebb em n\u1ebfu b\u1ea1n c\u1ea7n c\u00e1c th\u00f4ng tin, ki\u1ebfn th\u1ee9c k\u1ef9 n\u0103ng li\u00ean quan \u0111\u1ebfn tr\u1ebb em ho\u1eb7c b\u1ea3o v\u1ec7 tr\u1ebb em","breadcrumb":{"@id":"https:\/\/kienthuctreem.vn\/index.php\/lien-he\/#breadcrumb"},"inLanguage":"en-US","potentialAction":[{"@type":"ReadAction","target":["https:\/\/kienthuctreem.vn\/index.php\/lien-he\/"]}]},{"@type":"BreadcrumbList","@id":"https:\/\/kienthuctreem.vn\/index.php\/lien-he\/#breadcrumb","itemListElement":[{"@type":"ListItem","position":1,"name":"Home","item":"https:\/\/kienthuctreem.vn\/"},{"@type":"ListItem","position":2,"name":"LI\u00caN H\u1ec6"}]}]}},"_links":{"self":[{"href":"https:\/\/kienthuctreem.vn\/index.php\/wp-json\/wp\/v2\/pages\/140","targetHints":{"allow":["GET"]}}],"collection":[{"href":"https:\/\/kienthuctreem.vn\/index.php\/wp-json\/wp\/v2\/pages"}],"about":[{"href":"https:\/\/kienthuctreem.vn\/index.php\/wp-json\/wp\/v2\/types\/page"}],"author":[{"embeddable":true,"href":"https:\/\/kienthuctreem.vn\/index.php\/wp-json\/wp\/v2\/users\/1"}],"replies":[{"embeddable":true,"href":"https:\/\/kienthuctreem.vn\/index.php\/wp-json\/wp\/v2\/comments?post=140"}],"version-history":[{"count":3,"href":"https:\/\/kienthuctreem.vn\/index.php\/wp-json\/wp\/v2\/pages\/140\/revisions"}],"predecessor-version":[{"id":236,"href":"https:\/\/kienthuctreem.vn\/index.php\/wp-json\/wp\/v2\/pages\/140\/revisions\/236"}],"wp:attachment":[{"href":"https:\/\/kienthuctreem.vn\/index.php\/wp-json\/wp\/v2\/media?parent=140"}],"curies":[{"name":"wp","href":"https:\/\/api.w.org\/{rel}","templated":true}]}}